{"id":9918,"date":"2025-01-28T18:59:04","date_gmt":"2025-01-28T18:59:04","guid":{"rendered":"https:\/\/www.safeshores.org\/obtener-soporte\/nuestros-servicios\/servicios-de-defensoria-de-los-jovenes\/"},"modified":"2025-01-28T20:48:14","modified_gmt":"2025-01-28T20:48:14","slug":"servicios-de-defensoria-de-los-jovenes","status":"publish","type":"page","link":"https:\/\/www.safeshores.org\/es\/obtener-soporte\/nuestros-servicios\/servicios-de-defensoria-de-los-jovenes\/","title":{"rendered":"Servicios de defensor\u00eda de los j\u00f3venes"},"content":{"rendered":"\n<p class=\"is-style-intro\">La agresi\u00f3n sexual nunca es culpa de la v\u00edctima. Los adolescentes que han sufrido la agresi\u00f3n sexual en DC tienen el derecho a contar con un defensor de v\u00edctimas, sin importar cu\u00e1nto tiempo haya pasado desde la agresi\u00f3n. Los defensores proporcionan atenci\u00f3n confidencial, comprensi\u00f3n y recursos gratuitos durante todo el tiempo que necesites.  <\/p>\n\n\n\n<div class=\"wp-block-genesis-blocks-gb-columns gb-layout-columns-2 gb-2-col-equal has-ss-beige-background-color\"><div class=\"gb-layout-column-wrap gb-block-layout-column-gap-2 gb-is-responsive-column\">\n<div class=\"wp-block-genesis-blocks-gb-column gb-block-layout-column\"><div class=\"gb-block-layout-column-inner\">\n<p>Los <strong>Especialistas de Defensor\u00eda de los J\u00f3venes<\/strong> de Safe Shores ayudan a los adolescentes que hayan sufrido una agresi\u00f3n sexual a comprender todas sus opciones y los apoyan en cualquier decisi\u00f3n que tomen. Los defensores est\u00e1n disponibles las 24 horas del d\u00eda, los 365 d\u00edas del a\u00f1o. <\/p>\n\n\n\n<p class=\"is-style-default\">Mira este video para aprender c\u00f3mo un defensor de v\u00edctimas puede ayudarte a encontrar apoyo, responder a tus preguntas y tomar medidas hacia la curaci\u00f3n a tu propio ritmo.<\/p>\n\n\n\n<p>Explora el resto de nuestro sitio web para obtener m\u00e1s informaci\u00f3n o comparte este video &#8212; <strong>nunca sabes qui\u00e9n podr\u00e1 necesitarlo.<\/strong><\/p>\n<\/div><\/div>\n\n\n\n<div class=\"wp-block-genesis-blocks-gb-column gb-block-layout-column gb-is-vertically-aligned-top\"><div class=\"gb-block-layout-column-inner\" style=\"text-align:center\">\n<figure class=\"wp-block-embed is-type-video is-provider-youtube wp-block-embed-youtube wp-embed-aspect-9-16 wp-has-aspect-ratio\"><div class=\"wp-block-embed__wrapper\">\n <iframe loading=\"lazy\" title=\"Los j\u00f3venes en DC tienen derecho a un defensor\" width=\"500\" height=\"281\" src=\"https:\/\/www.youtube.com\/embed\/IqW4KgSUvNo?feature=oembed\" frameborder=\"0\" allow=\"accelerometer; autoplay; clipboard-write; encrypted-media; gyroscope; picture-in-picture; web-share\" referrerpolicy=\"strict-origin-when-cross-origin\" allowfullscreen><\/iframe>\n<\/div><\/figure>\n<\/div><\/div>\n<\/div><\/div>\n\n\n\n<div style=\"background-color:#c4df9b;padding-left:5%;padding-right:5%;padding-bottom:2%;padding-top:2%\" class=\"wp-block-genesis-blocks-gb-container gb-block-container\"><div class=\"gb-container-inside\"><div class=\"gb-container-content\">\n<h2 class=\"wp-block-heading has-text-align-center\">Con\u00e9ctate con un defensor<br><br><\/h2>\n\n\n\n<div class=\"wp-block-buttons is-content-justification-center is-layout-flex wp-container-core-buttons-is-layout-16018d1d wp-block-buttons-is-layout-flex\">\n<div class=\"wp-block-button has-custom-width wp-block-button__width-50\"><a class=\"wp-block-button__link wp-element-button\" href=\"tel:844-443-5732\">Llama o env\u00eda un mensaje de texto<br>al<strong> 844-443-5732<\/strong><\/a><\/div>\n<\/div>\n<\/div><\/div><\/div>\n\n\n\n<hr class=\"wp-block-separator has-alpha-channel-opacity is-style-wide\"\/>\n\n\n\n<p>Los adolescentes de entre 13 y 17 a\u00f1os <a href=\"https:\/\/code.dccouncil.us\/us\/dc\/council\/code\/sections\/23-1908.html\">que han sido agredidos sexualmente en DC tienen derechos bajo la ley de DC<\/a>, uno de los cuales es el derecho a un defensor. Los Especialistas de Defensor\u00eda de J\u00f3venes de Safe Shores est\u00e1n all\u00ed para ayudar a que los adolescentes comprendan todas sus opciones y para apoyarlos en cualquier elecci\u00f3n que hagan. Parte del apoyo que puede brindar un Especialista de Defensor\u00eda de J\u00f3venes incluye referencias por la atenci\u00f3n m\u00e9dica, la atenci\u00f3n de salud mental o el apoyo legal. Los Especialistas de Defensor\u00eda de J\u00f3venes est\u00e1n disponibles las 24 horas del d\u00eda, los 365 d\u00edas del a\u00f1o para responder a las necesidades de emergencia del adolescente.<\/p>\n\n\n\n<hr class=\"wp-block-separator has-alpha-channel-opacity is-style-wide\"\/>\n\n\n\n<h2 class=\"wp-block-heading\">Preguntas frecuentes sobre la Defensor\u00eda de los J\u00f3venes<\/h2>\n\n\n\n<h3 class=\"wp-block-heading\">\u00bfQu\u00e9 hacen los Especialistas de Defensor\u00eda de los J\u00f3venes de Safe Shores?<\/h3>\n\n\n\n<p>Los adolescentes tienen el derecho de contar con un defensor que los acompa\u00f1e en momentos que puedan resultar aterradores o confusos. <strong>Un Especialista de Defensor\u00eda de los J\u00f3venes puede brindar informaci\u00f3n, opciones, referencias, planificaci\u00f3n de seguridad y apoyo emocional.<\/strong> El Especialista de Defensor\u00eda de los J\u00f3venes puede brindar apoyo e informaci\u00f3n por tel\u00e9fono si un adolescente no est\u00e1 seguro de qu\u00e9 medidas desee tomar.<\/p>\n\n\n\n<p>Si un adolescente denuncia la agresi\u00f3n a las autoridades y necesita ser entrevistado, puede optar por que su Especialista de Defensor\u00eda de los J\u00f3venes lo acompa\u00f1e. Si un adolescente desea recibir atenci\u00f3n o tratamiento en un hospital, puede optar por que su Especialista de Defensor\u00eda de los J\u00f3venes lo acompa\u00f1e para que le brinde apoyo durante el proceso. <\/p>\n\n\n\n<h3 class=\"wp-block-heading\">\u00bfC\u00f3mo pueden los adolescentes conectarse con un Especialista de Defensor\u00eda de los J\u00f3venes?<\/h3>\n\n\n\n<p>Los adolescentes pueden solicitar un Especialista de Defensor\u00eda de los J\u00f3venes por su propia cuenta llamando o enviando un mensaje de texto al <a href=\"tel:%208444435732\"><strong>844-443-5732<\/strong><\/a> o <a rel=\"noreferrer noopener\" href=\"https:\/\/chat.victimsofcrime.org\/dcvictim\/\" target=\"_blank\">chateando con la L\u00ednea Directa de DC para V\u00edctimas<\/a>. La L\u00ednea Directa para V\u00edctimas pondr\u00e1 a los adolescentes en contacto con un Especialista de Defensor\u00eda de J\u00f3venes en Safe Shores.<\/p>\n\n\n\n<p>Si se ha denunciado una agresi\u00f3n a las autoridades policiales, o si un adolescente busca atenci\u00f3n m\u00e9dica relacionada con una agresi\u00f3n sexual en un hospital, las autoridades policiales o los profesionales m\u00e9dicos le ofrecer\u00e1n al adolescente un Especialista de Defensor\u00eda de los J\u00f3venes.<\/p>\n\n\n\n<h3 class=\"wp-block-heading\">\u00bfQu\u00e9 sucede si un adolescente rechaza un Especialista de Defensor\u00eda de J\u00f3venes, pero luego cambia de opini\u00f3n?<\/h3>\n\n\n\n<p>El derecho de contar con un Especialista de Defensor\u00eda de los J\u00f3venes no es algo que se obtiene solo una vez, por lo tanto si un adolescente no quiere un Especialista de Defensor\u00eda de los J\u00f3venes la primera vez que se le ofrece uno, puede solicitarlo en cualquier momento.<\/p>\n\n\n\n<hr class=\"wp-block-separator has-alpha-channel-opacity is-style-wide\"\/>\n\n\n\n<h2 class=\"wp-block-heading\">Comentarios del Equipo de Respuesta a Agresiones Sexuales en DC y de los Sobrevivientes<\/h2>\n\n\n\n<p>Los Especialistas de Defensor\u00eda de J\u00f3venes de Safe Shores forman parte del <a rel=\"noreferrer noopener\" href=\"https:\/\/ovsjg.dc.gov\/service\/district-columbia-sexual-assault-response-team-sart\" target=\"_blank\">Equipo de Respuesta a Agresiones Sexuales de DC<\/a>, que tambi\u00e9n incluye profesionales m\u00e9dicos, profesionales de la ley, profesionales de bienestar infantil y profesionales legales.<\/p>\n\n\n\n<p>Los adolescentes que han sufrido agresi\u00f3n sexual tienen la opci\u00f3n de brindar comentarios sobre su experiencia con cualquier miembro del Equipo de Respuesta a Agresiones Sexuales a trav\u00e9s de este <a rel=\"noreferrer noopener\" href=\"https:\/\/forms.office.com\/Pages\/ResponsePage.aspx?id=8Unkj5SLt0-ZBm-Tnagtc9PSmQxbEkdKqCqdVFjT_cJUOFA3N1laVFdKVE5TR0xXQkZLOTU2VkJEQi4u\" target=\"_blank\">Formulario de Comentarios de Sobrevivientes<\/a> o al utilizar el siguiente c\u00f3digo QR para abrirlo en su tel\u00e9fono inteligente.<\/p>\n\n\n<div class=\"wp-block-image\">\n<figure class=\"aligncenter size-large\"><img decoding=\"async\" src=\"https:\/\/www.safeshores.org\/wp-content\/uploads\/2022\/03\/QR-Code-for-TAI-300x300.png\" alt=\"\"\/><\/figure>\n<\/div>","protected":false},"excerpt":{"rendered":"<p>La agresi\u00f3n sexual nunca es culpa de la v\u00edctima. Los adolescentes que han sufrido la agresi\u00f3n sexual en DC tienen el derecho a contar con un defensor de v\u00edctimas, sin&#8230;<\/p>\n","protected":false},"author":1,"featured_media":0,"parent":4397,"menu_order":9,"comment_status":"closed","ping_status":"closed","template":"","meta":{"_acf_changed":false,"_tec_requires_first_save":true,"_monsterinsights_skip_tracking":false,"_monsterinsights_sitenote_active":false,"_monsterinsights_sitenote_note":"","_monsterinsights_sitenote_category":0,"_genesis_hide_title":false,"_genesis_hide_breadcrumbs":false,"_genesis_hide_singular_image":false,"_genesis_hide_footer_widgets":false,"_genesis_custom_body_class":"","_genesis_custom_post_class":"","_genesis_layout":"","_EventAllDay":false,"_EventTimezone":"","_EventStartDate":"","_EventEndDate":"","_EventStartDateUTC":"","_EventEndDateUTC":"","_EventShowMap":false,"_EventShowMapLink":false,"_EventURL":"","_EventCost":"","_EventCostDescription":"","_EventCurrencySymbol":"","_EventCurrencyCode":"","_EventCurrencyPosition":"","_EventDateTimeSeparator":"","_EventTimeRangeSeparator":"","_EventOrganizerID":[],"_EventVenueID":[],"_OrganizerEmail":"","_OrganizerPhone":"","_OrganizerWebsite":"","_VenueAddress":"","_VenueCity":"","_VenueCountry":"","_VenueProvince":"","_VenueState":"","_VenueZip":"","_VenuePhone":"","_VenueURL":"","_VenueStateProvince":"","_VenueLat":"","_VenueLng":"","_VenueShowMap":false,"_VenueShowMapLink":false,"_tribe_blocks_recurrence_rules":"","_tribe_blocks_recurrence_description":"","_tribe_blocks_recurrence_exclusions":"","footnotes":""},"class_list":["post-9918","page","type-page","status-publish","entry"],"acf":[],"featured_image_src":null,"featured_image_src_square":null,"_links":{"self":[{"href":"https:\/\/www.safeshores.org\/es\/wp-json\/wp\/v2\/pages\/9918","targetHints":{"allow":["GET"]}}],"collection":[{"href":"https:\/\/www.safeshores.org\/es\/wp-json\/wp\/v2\/pages"}],"about":[{"href":"https:\/\/www.safeshores.org\/es\/wp-json\/wp\/v2\/types\/page"}],"author":[{"embeddable":true,"href":"https:\/\/www.safeshores.org\/es\/wp-json\/wp\/v2\/users\/1"}],"replies":[{"embeddable":true,"href":"https:\/\/www.safeshores.org\/es\/wp-json\/wp\/v2\/comments?post=9918"}],"version-history":[{"count":0,"href":"https:\/\/www.safeshores.org\/es\/wp-json\/wp\/v2\/pages\/9918\/revisions"}],"up":[{"embeddable":true,"href":"https:\/\/www.safeshores.org\/es\/wp-json\/wp\/v2\/pages\/4397"}],"wp:attachment":[{"href":"https:\/\/www.safeshores.org\/es\/wp-json\/wp\/v2\/media?parent=9918"}],"curies":[{"name":"wp","href":"https:\/\/api.w.org\/{rel}","templated":true}]}}