{"id":4436,"date":"2021-09-26T23:28:29","date_gmt":"2021-09-26T23:28:29","guid":{"rendered":"https:\/\/safe-shores-2021.local\/contactenos\/"},"modified":"2023-03-21T18:29:36","modified_gmt":"2023-03-21T18:29:36","slug":"contactenos","status":"publish","type":"page","link":"https:\/\/www.safeshores.org\/es\/contactenos\/","title":{"rendered":"Cont\u00e1ctenos"},"content":{"rendered":"\n<p>Aunque las oficinas f\u00edsicas de Safe Shores est\u00e1n cerradas, seguimos prestando todos nuestros servicios de forma virtual para observar las precauciones sanitarias que exige la pandemia de COVID-19. Los servicios disponibles incluyen entrevistas forenses, terapia y apoyo a la salud mental, defensor\u00eda del cliente y capacitaci\u00f3n en prevenci\u00f3n.<\/p>\n\n<p>#DoingOurPart to #PreventTheSpread Because We\u2019re #AllInThisTogether #ProtectKids365 #BetheVirtualVillage<\/p>\n\n<div class=\"wp-block-group has-ss-beige-background-color has-background\"><div class=\"wp-block-group__inner-container is-layout-constrained wp-block-group-is-layout-constrained\">\n<div class=\"wp-block-genesis-blocks-gb-columns gb-layout-columns-2 gb-2-col-equal\"><div class=\"gb-layout-column-wrap gb-block-layout-column-gap-3 gb-is-responsive-column\">\n<div class=\"wp-block-genesis-blocks-gb-column gb-block-layout-column\"><div class=\"gb-block-layout-column-inner\">\n<h2 class=\"wp-block-heading\">Cont\u00e1ctenos<\/h2>\n\n\n\n<p><script src=\"https:\/\/s3-us-west-2.amazonaws.com\/bloomerang-public-cdn\/safeshoresthedcchildrensadvocacycenter\/.widget-js\/331776.js\" type=\"text\/javascript\"><\/script><\/p>\n<\/div><\/div>\n\n\n\n<div class=\"wp-block-genesis-blocks-gb-column gb-block-layout-column\"><div class=\"gb-block-layout-column-inner\">\n<h3 class=\"wp-block-heading\">Para ponerse en contacto con nosotros en relaci\u00f3n con estos y otros asuntos, tenga en cuenta los siguientes puntos de contacto:<\/h3>\n\n\n\n<p><strong>Entrevistas forenses:: <\/strong>Rachel Booker, <a href=\"&#109;a&#x69;l&#x74;&#111;&#x3a;&#114;&#x62;&#111;o&#x6b;e&#x72;&#64;&#x73;&#97;&#x66;&#101;&#x73;&#104;o&#x72;e&#x73;&#46;&#x6f;&#114;&#x67;\">&#x72;&#x62;&#x6f;&#x6f;&#x6b;&#x65;&#x72;&#x40;&#115;&#97;&#102;&#101;&#115;&#104;&#111;res&#46;&#x6f;&#x72;&#x67;<\/a><\/p>\n\n\n\n<p><strong>Servicios de defensor\u00eda del cliente:<\/strong> Ashley Harrell, <a href=\"m&#97;&#105;&#108;&#x74;&#x6f;&#x3a;ah&#97;&#114;&#x72;&#x65;&#x6c;&#x6c;&#64;s&#97;&#102;&#x65;&#x73;&#x68;&#x6f;r&#101;&#115;&#46;&#x6f;&#x72;&#x67;\">&#x61;&#x68;&#x61;&#x72;&#x72;&#x65;&#x6c;&#x6c;&#x40;&#x73;&#x61;&#x66;&#x65;&#x73;&#x68;&#x6f;&#x72;&#x65;&#x73;&#x2e;&#x6f;&#x72;&#103;<\/a><\/p>\n\n\n\n<p><strong>Terapia\/apoyo a la salud mental:<\/strong> Twana S. Sherrod, <a href=\"m&#97;&#105;&#x6c;&#x74;&#x6f;:&#116;&#115;&#x68;&#x65;&#x72;ro&#100;&#x40;&#x73;&#x61;fe&#115;&#104;&#x6f;&#x72;&#x65;s&#46;&#111;&#x72;&#x67;\">t&#115;&#104;&#101;&#x72;&#x72;&#x6f;d&#64;&#115;&#97;&#x66;&#x65;&#x73;&#x68;or&#101;&#115;&#x2e;&#x6f;&#x72;&#x67;<\/a><\/p>\n\n\n\n<p><strong>Avance\/apoyo de los equipos multidisciplinarios:<\/strong> Kalphria Wilson, <a href=\"m&#97;&#x69;&#x6c;&#x74;o&#58;&#107;&#x77;&#x69;l&#115;&#111;&#x6e;&#x40;sa&#102;&#x65;&#x73;&#x68;o&#114;&#x65;&#x73;&#x2e;o&#114;&#103;\">&#107;&#x77;&#105;&#x6c;&#115;&#x6f;n&#x40;s&#97;&#x66;&#101;&#x73;&#104;&#x6f;r&#x65;s&#46;&#x6f;&#114;&#x67;<\/a><\/p>\n\n\n\n<p><strong>Capacitaci\u00f3n en prevenci\u00f3n:<\/strong> Kaylan Weems, <a href=\"&#x6d;a&#x69;&#108;&#x74;&#111;:&#x6b;w&#x65;&#101;&#x6d;&#115;&#64;&#x73;&#97;&#x66;&#101;s&#x68;o&#x72;&#101;&#x73;&#46;o&#x72;g\">&#x6b;&#119;&#101;e&#x6d;&#x73;&#64;s&#x61;&#x66;&#101;s&#x68;&#x6f;&#114;e&#x73;&#x2e;&#111;r&#x67;<\/a><\/p>\n\n\n\n<p><strong>Donaciones\/recaudaci\u00f3n de fondos: <\/strong>Liberty Bliss, <a href=\"&#x6d;&#x61;&#x69;&#x6c;&#x74;&#x6f;&#x3a;&#x6c;&#98;&#108;&#105;&#115;&#115;&#64;&#115;afes&#x68;&#x6f;&#x72;&#x65;&#x73;&#x2e;&#x6f;&#x72;&#x67;\">lbliss&#64;safeshores&#46;org<\/a><\/p>\n\n\n\n<p><strong>Consultas de los medios de comunicaci\u00f3n:<\/strong> Whitney Baum, <a href=\"&#109;&#x61;&#x69;&#108;&#x74;&#x6f;&#58;&#x77;&#x62;&#97;&#x75;&#x6d;&#64;&#x73;&#x61;&#102;&#x65;&#x73;&#104;&#x6f;&#x72;&#101;&#x73;&#x2e;&#111;&#x72;&#x67;\">&#x77;&#x62;&#x61;&#x75;&#x6d;&#64;&#115;&#97;&#102;esh&#x6f;&#x72;&#x65;&#x73;&#x2e;&#x6f;&#114;&#103;<\/a><\/p>\n\n\n\n<p><strong>Consultas generales o asuntos no urgentes: <\/strong><a href=\"mai&#108;&#116;&#111;&#x3a;&#x74;&#x65;&#x61;&#x6d;&#x40;saf&#101;&#115;&#104;&#111;&#x72;&#x65;&#x73;&#x2e;&#x6f;&#x72;g\">&#116;&#x65;&#x61;m&#64;&#x73;a&#102;&#x65;s&#104;&#x6f;r&#101;&#x73;&#x2e;&#111;&#x72;&#x67;<\/a><\/p>\n<\/div><\/div>\n<\/div><\/div>\n<\/div><\/div>\n\n<div class=\"wp-block-group has-ss-yellow-orange-background-color has-background\"><div class=\"wp-block-group__inner-container is-layout-constrained wp-block-group-is-layout-constrained\">\n<p class=\"has-text-align-center is-style-intro\">Para denunciar sospechas de abuso infantil en el Distrito de Columbia: <br\/>llame al <strong>202-671-SAFE (7233)<\/strong><\/p>\n\n\n\n<p class=\"has-text-align-center is-style-intro\">Para reportar sospechas de delitos cometidos en Internet contra ni\u00f1os: <br\/>comun\u00edquese con <a rel=\"noreferrer noopener\" href=\"https:\/\/report.cybertip.org\/\" target=\"_blank\"><strong>CyberTip<\/strong><\/a><\/p>\n<\/div><\/div>\n","protected":false},"excerpt":{"rendered":"<p>Aunque las oficinas f\u00edsicas de Safe Shores est\u00e1n cerradas, seguimos prestando todos nuestros servicios de forma virtual para observar las precauciones sanitarias que exige la pandemia de COVID-19. Los servicios&#8230;<\/p>\n","protected":false},"author":1,"featured_media":0,"parent":0,"menu_order":0,"comment_status":"closed","ping_status":"closed","template":"","meta":{"_acf_changed":false,"_tec_requires_first_save":true,"_monsterinsights_skip_tracking":false,"_monsterinsights_sitenote_active":false,"_monsterinsights_sitenote_note":"","_monsterinsights_sitenote_category":0,"_genesis_hide_title":false,"_genesis_hide_breadcrumbs":false,"_genesis_hide_singular_image":false,"_genesis_hide_footer_widgets":false,"_genesis_custom_body_class":"","_genesis_custom_post_class":"","_genesis_layout":"centered-content","_EventAllDay":false,"_EventTimezone":"","_EventStartDate":"","_EventEndDate":"","_EventStartDateUTC":"","_EventEndDateUTC":"","_EventShowMap":false,"_EventShowMapLink":false,"_EventURL":"","_EventCost":"","_EventCostDescription":"","_EventCurrencySymbol":"","_EventCurrencyCode":"","_EventCurrencyPosition":"","_EventDateTimeSeparator":"","_EventTimeRangeSeparator":"","_EventOrganizerID":[],"_EventVenueID":[],"_OrganizerEmail":"","_OrganizerPhone":"","_OrganizerWebsite":"","_VenueAddress":"","_VenueCity":"","_VenueCountry":"","_VenueProvince":"","_VenueState":"","_VenueZip":"","_VenuePhone":"","_VenueURL":"","_VenueStateProvince":"","_VenueLat":"","_VenueLng":"","_VenueShowMap":false,"_VenueShowMapLink":false,"_tribe_blocks_recurrence_rules":"","_tribe_blocks_recurrence_description":"","_tribe_blocks_recurrence_exclusions":"","footnotes":""},"class_list":["post-4436","page","type-page","status-publish","entry"],"acf":[],"featured_image_src":null,"featured_image_src_square":null,"_links":{"self":[{"href":"https:\/\/www.safeshores.org\/es\/wp-json\/wp\/v2\/pages\/4436","targetHints":{"allow":["GET"]}}],"collection":[{"href":"https:\/\/www.safeshores.org\/es\/wp-json\/wp\/v2\/pages"}],"about":[{"href":"https:\/\/www.safeshores.org\/es\/wp-json\/wp\/v2\/types\/page"}],"author":[{"embeddable":true,"href":"https:\/\/www.safeshores.org\/es\/wp-json\/wp\/v2\/users\/1"}],"replies":[{"embeddable":true,"href":"https:\/\/www.safeshores.org\/es\/wp-json\/wp\/v2\/comments?post=4436"}],"version-history":[{"count":0,"href":"https:\/\/www.safeshores.org\/es\/wp-json\/wp\/v2\/pages\/4436\/revisions"}],"wp:attachment":[{"href":"https:\/\/www.safeshores.org\/es\/wp-json\/wp\/v2\/media?parent=4436"}],"curies":[{"name":"wp","href":"https:\/\/api.w.org\/{rel}","templated":true}]}}