{"id":4401,"date":"2021-09-26T20:53:09","date_gmt":"2021-09-26T20:53:09","guid":{"rendered":"https:\/\/safe-shores-2021.local\/obtener-soporte\/reconocer-el-abuso\/"},"modified":"2021-09-29T22:19:40","modified_gmt":"2021-09-29T22:19:40","slug":"reconocer-el-abuso","status":"publish","type":"page","link":"https:\/\/www.safeshores.org\/es\/obtener-soporte\/reconocer-el-abuso\/","title":{"rendered":"Reconocer el abuso"},"content":{"rendered":"\n<h2 class=\"wp-block-heading\">Se\u00f1ales de abuso sexual<\/h2>\n\n<p><em>Los ni\u00f1os que han sufrido abusos sexuales pueden presentar una gran variedad de s\u00edntomas emocionales, conductuales o f\u00edsicos. Las se\u00f1ales que se indican a continuaci\u00f3n no son exhaustivas ni exclusivas, pero pueden servir de gu\u00eda para entender el comportamiento de un ni\u00f1o abusado. <\/em><\/p>\n\n<h3 class=\"wp-block-heading\">Se\u00f1ales conductuales y emocionales<\/h3>\n\n<p>Las se\u00f1ales conductuales y emocionales no siempre indican que est\u00e9 ocurriendo un abuso sexual, sino que tambi\u00e9n pueden surgir en momentos de estr\u00e9s o como respuesta a otros traumas. En cualquier caso, es un motivo importante para decirle a su hijo o hija que ha notado las se\u00f1ales y preguntarle qu\u00e9 las est\u00e1 causando.<\/p>\n\n<ul class=\"wp-block-list\"><li>Revela que se han producido abusos<\/li><li>Ansiedad o depresi\u00f3n<\/li><li>Trastornos del sue\u00f1o, incluyendo pesadillas o terrores nocturnos<\/li><li>Cambio de h\u00e1bitos alimenticios<\/li><li>Temor inusual a ciertas personas o lugares; renuencia a estar a solas con una persona en particular<\/li><li>Cambios en el estado de \u00e1nimo que pueden incluir ira, agresividad hacia los padres, hermanos, amigos y mascotas<\/li><li>Rebeld\u00eda o retraimiento; intentos de escape<\/li><li>Cambio de actitud hacia la escuela o el rendimiento acad\u00e9mico; falta de inter\u00e9s por los amigos, los deportes u otras actividades<\/li><li>Problemas de salud inexplicables o frecuentes, como dolores de cabeza o de est\u00f3mago<\/li><li>Baja autoestima; elusi\u00f3n de relaciones<\/li><li>Automutilaci\u00f3n o cambio en la percepci\u00f3n corporal como pensar en s\u00ed mismo o en el cuerpo como algo sucio o malo; pensamientos suicidas<\/li><li>Regresi\u00f3n a comportamientos previamente superados, por ejemplo, mojar la cama o chuparse el dedo<\/li><li>Incorporar la tem\u00e1tica sexual en dibujos, escritos o juegos<\/li><li>Comportamientos sexuales o conocimiento de lenguaje y comportamientos sexuales que no son apropiados para la etapa de desarrollo<\/li><li>Comportamiento demasiado \u00abperfecto\u00bb o excesivamente obediente<\/li><\/ul>\n\n<h3 class=\"wp-block-heading\">Se\u00f1ales f\u00edsicas<\/h3>\n\n<p>Las se\u00f1ales f\u00edsicas de abuso sexual son poco frecuentes pero pueden incluir:<\/p>\n\n<ul class=\"wp-block-list\"><li>Dolor, sangrado o secreci\u00f3n en los genitales, el ano o la boca<\/li><li>Infecciones vaginales<\/li><li>Infecciones urinarias recurrentes<\/li><li>Cortaduras o desgarros alrededor de la zona vaginal o el ano<\/li><li>Otro traumatismo f\u00edsico (enrojecimiento, erupci\u00f3n, hinchaz\u00f3n) en la zona genital o anal<\/li><li>Dolor persistente o recurrente al orinar o defecar<\/li><li>Orinar o ensuciar la ropa con excremento, en situaciones ajenas al entrenamiento en el uso del ba\u00f1o<\/li><li>Ropa interior manchada, rasgada o ensangrentada<\/li><li>Enfermedades de transmisi\u00f3n sexual o embarazo<\/li><\/ul>\n\n<p>Si observa se\u00f1ales f\u00edsicas de abuso, lleve a su hijo(a) inmediatamente donde un profesional para que lo examine, o llame a la polic\u00eda.<\/p>\n\n<h3 class=\"wp-block-heading\">C\u00f3mo reaccionar ante una revelaci\u00f3n de abuso sexual infantil<\/h3>\n\n<p><strong>Mantenga la calma y no reaccione de forma exagerada.<\/strong> El ni\u00f1o podr\u00eda sentirse m\u00e1s avergonzado y culpable, cerrarse o modificar su historia si usted reacciona con ira o incredulidad.<\/p>\n\n<p><strong>Crea al ni\u00f1o y reaf\u00edrmele que lo ocurrido no es su culpa. <\/strong><\/p>\n\n<ul class=\"wp-block-list\"><li>Escuche con calma<\/li><li>Permita el silencio en la conversaci\u00f3n para que el ni\u00f1o no se sienta presionado.<\/li><li><strong>Si tiene que hacer<\/strong>preguntas adicionales para elaborar un informe, solo haga preguntas abiertas, ya que las preguntas capciosas o inductivas pueden confundir los recuerdos del ni\u00f1o sobre los hechos. Pregunte lo menos posible, ya que investigar no es su responsabilidad. Hacer preguntas innecesarias puede perjudicar a\u00fan m\u00e1s al ni\u00f1o.<ul>\n<li><strong>Entre las preguntas abiertas se incluyen:<\/strong><ul>\n<li>\u201c\u00bfPuedes decirme m\u00e1s?\u00bb<\/li>\n<li>\u201c\u00bfQu\u00e9 pas\u00f3 despu\u00e9s?\u00bb<\/li>\n<\/ul><\/li>\n<li><strong>Entre los ejemplos de respuestas de apoyo se incluyen:<\/strong><ul>\n<li>\u201cTe creo\u00bb<\/li>\n<li>\u201cLo que pas\u00f3 no es tu culpa\u00bb<\/li>\n<li>\u201cEsto requiere mucho valor. Estoy muy orgulloso de ti por cont\u00e1rmelo\u00bb<\/li>\n<li>\u201cObtendremos el apoyo que necesitamos para superar esto\u00bb<\/li>\n<li>No haga grandes promesas sobre el futuro, como \u00abno permitir\u00e9 que esto vuelva a ocurrir\u00bb.<\/li>\n<\/ul><\/li>\n<\/ul><\/li><\/ul>\n\n<p><strong>Proteja al ni\u00f1o asegur\u00e1ndose de que no est\u00e9 cerca del agresor y denuncie inmediatamente el abuso a las autoridades competentes. Para denunciar sospechas de abuso infantil en el Distrito de Columbia llame al 202-671-SAFE(7233). <\/strong><\/p>\n","protected":false},"excerpt":{"rendered":"<p>Se\u00f1ales de abuso sexual Los ni\u00f1os que han sufrido abusos sexuales pueden presentar una gran variedad de s\u00edntomas emocionales, conductuales o f\u00edsicos. Las se\u00f1ales que se indican a continuaci\u00f3n no&#8230;<\/p>\n","protected":false},"author":1,"featured_media":0,"parent":4393,"menu_order":20,"comment_status":"closed","ping_status":"closed","template":"","meta":{"_acf_changed":false,"_tec_requires_first_save":true,"_monsterinsights_skip_tracking":false,"_monsterinsights_sitenote_active":false,"_monsterinsights_sitenote_note":"","_monsterinsights_sitenote_category":0,"_genesis_hide_title":false,"_genesis_hide_breadcrumbs":false,"_genesis_hide_singular_image":false,"_genesis_hide_footer_widgets":false,"_genesis_custom_body_class":"","_genesis_custom_post_class":"","_genesis_layout":"","_EventAllDay":false,"_EventTimezone":"","_EventStartDate":"","_EventEndDate":"","_EventStartDateUTC":"","_EventEndDateUTC":"","_EventShowMap":false,"_EventShowMapLink":false,"_EventURL":"","_EventCost":"","_EventCostDescription":"","_EventCurrencySymbol":"","_EventCurrencyCode":"","_EventCurrencyPosition":"","_EventDateTimeSeparator":"","_EventTimeRangeSeparator":"","_EventOrganizerID":[],"_EventVenueID":[],"_OrganizerEmail":"","_OrganizerPhone":"","_OrganizerWebsite":"","_VenueAddress":"","_VenueCity":"","_VenueCountry":"","_VenueProvince":"","_VenueState":"","_VenueZip":"","_VenuePhone":"","_VenueURL":"","_VenueStateProvince":"","_VenueLat":"","_VenueLng":"","_VenueShowMap":false,"_VenueShowMapLink":false,"_tribe_blocks_recurrence_rules":"","_tribe_blocks_recurrence_description":"","_tribe_blocks_recurrence_exclusions":"","footnotes":""},"class_list":["post-4401","page","type-page","status-publish","entry"],"acf":[],"featured_image_src":null,"featured_image_src_square":null,"_links":{"self":[{"href":"https:\/\/www.safeshores.org\/es\/wp-json\/wp\/v2\/pages\/4401","targetHints":{"allow":["GET"]}}],"collection":[{"href":"https:\/\/www.safeshores.org\/es\/wp-json\/wp\/v2\/pages"}],"about":[{"href":"https:\/\/www.safeshores.org\/es\/wp-json\/wp\/v2\/types\/page"}],"author":[{"embeddable":true,"href":"https:\/\/www.safeshores.org\/es\/wp-json\/wp\/v2\/users\/1"}],"replies":[{"embeddable":true,"href":"https:\/\/www.safeshores.org\/es\/wp-json\/wp\/v2\/comments?post=4401"}],"version-history":[{"count":0,"href":"https:\/\/www.safeshores.org\/es\/wp-json\/wp\/v2\/pages\/4401\/revisions"}],"up":[{"embeddable":true,"href":"https:\/\/www.safeshores.org\/es\/wp-json\/wp\/v2\/pages\/4393"}],"wp:attachment":[{"href":"https:\/\/www.safeshores.org\/es\/wp-json\/wp\/v2\/media?parent=4401"}],"curies":[{"name":"wp","href":"https:\/\/api.w.org\/{rel}","templated":true}]}}