{"id":4397,"date":"2021-09-26T20:36:45","date_gmt":"2021-09-26T20:36:45","guid":{"rendered":"https:\/\/safe-shores-2021.local\/obtener-soporte\/nuestros-servicios\/"},"modified":"2024-01-22T17:26:01","modified_gmt":"2024-01-22T17:26:01","slug":"nuestros-servicios","status":"publish","type":"page","link":"https:\/\/www.safeshores.org\/es\/obtener-soporte\/nuestros-servicios\/","title":{"rendered":"Nuestros servicios"},"content":{"rendered":"\n<p class=\"intro-text\">Safe Shores &#8211; The DC Children&#8217;s Advocacy Center ofrece servicios integrales y coordinados para ni\u00f1os y familias afectados por el abuso f\u00edsico y sexual, y testigos de la violencia en la capital de nuestro pa\u00eds. Safe Shores trabaja con m\u00e1s de 1,700 ni\u00f1os y sus familias cada a\u00f1o para ofrecer los siguientes servicios:<\/p>\n\n\n\n<h3 class=\"wp-block-heading\">Defensor\u00eda del cliente<\/h3>\n\n\n\n<p>El programa de Defensor\u00eda del cliente de Safe Shores es el primer punto de contacto de una familia en Safe Shores y trabaja con los ni\u00f1os y sus cuidadores no infractores durante la continuidad de los servicios para ayudar a las familias a ver y lograr un nuevo comienzo seguro. La Defensor\u00eda del cliente ofrece apoyo y defensa en casos de crisis, apoyo y seguimiento continuos, referencias a servicios comunitarios e informaci\u00f3n sobre el derecho de las v\u00edctimas de delitos adem\u00e1s de programas de ayuda a las v\u00edctimas de delitos. La Defensor\u00eda del cliente tambi\u00e9n trabaja con las familias para proporcionarles ropa de transici\u00f3n, alimentaci\u00f3n y asistencia financiera.   <\/p>\n\n\n\n<h3 class=\"wp-block-heading\">Servicios forenses<\/h3>\n\n\n\n<p>El equipo de servicios forenses de Safe Shores coordina y realiza entrevistas neutrales, objetivas para conocer las causas y sensibles al desarrollo de los menores afectados por abusos y testigos de la violencia. En colaboraci\u00f3n con los organismos del Equipo multidisciplinario, nuestro equipo forense altamente capacitado realiza entrevistas individuales con los ni\u00f1os, mientras los miembros del equipo observan por circuito cerrado de televisi\u00f3n, con el fin de no abrumar al ni\u00f1o y, al mismo tiempo, recopilar la mayor cantidad de informaci\u00f3n para varias agencias participantes. Nuestro objetivo es garantizar que las voces de los ni\u00f1os sean escuchadas y evitar que el menor tenga que contar su historia m\u00e1s de una vez.<\/p>\n\n\n\n<h3 class=\"wp-block-heading\">Servicios cl\u00ednicos<\/h3>\n\n\n\n<p>El Programa de Servicios cl\u00ednicos de Safe Shores ayuda a las familias en la ruta hacia la sanaci\u00f3n del trauma y el abuso, brindando servicios de salud mental con informaci\u00f3n sobre el trauma. El equipo de Servicios cl\u00ednicos ofrece un espacio seguro para que los ni\u00f1os identifiquen y superen los desaf\u00edos, desarrollen habilidades positivas para enfrentar los problemas y formen relaciones saludables mediante terapia de conversaci\u00f3n, terapia de juego, terapia art\u00edstica, terapia con bandejas de arena y otras modalidades que se ofrecen a los ni\u00f1os v\u00edctimas, a sus cuidadores no infractores y a sus hermanos.<\/p>\n\n\n\n<h3 class=\"wp-block-heading\">Prevenci\u00f3n y divulgaci\u00f3n<\/h3>\n\n\n\n<p>Los esfuerzos de prevenci\u00f3n de Safe Shores se basan en la teor\u00eda de que los adultos son la primera l\u00ednea de defensa en la protecci\u00f3n de los ni\u00f1os contra los abusos. Al utilizar curr\u00edculos basados en evidencia, incluido Stewards of Children<sup>\u00ae<\/sup>, Safe Shores ofrece a los adultos informaci\u00f3n sobre el impacto del abuso y el trauma infantil y los prepara con habilidades para reconocer, responder y prevenir el abuso. Nuestro Programa de prevenci\u00f3n y divulgaci\u00f3n tambi\u00e9n organiza un grupo de apoyo a los cuidadores no infractores que buscan informaci\u00f3n y apoyo de pares mientras cuidan de un menor que ha sufrido abusos sexuales. <\/p>\n\n\n\n<p>Safe Shores utiliza los servicios antes mencionados para responder al abuso sexual infantil como parte de un equipo multidisciplinario de expertos. <\/p>\n","protected":false},"excerpt":{"rendered":"<p>Safe Shores &#8211; The DC Children&#8217;s Advocacy Center ofrece servicios integrales y coordinados para ni\u00f1os y familias afectados por el abuso f\u00edsico y sexual, y testigos de la violencia en&#8230;<\/p>\n","protected":false},"author":1,"featured_media":0,"parent":4393,"menu_order":15,"comment_status":"closed","ping_status":"closed","template":"","meta":{"_acf_changed":false,"_tec_requires_first_save":true,"_monsterinsights_skip_tracking":false,"_monsterinsights_sitenote_active":false,"_monsterinsights_sitenote_note":"","_monsterinsights_sitenote_category":0,"_genesis_hide_title":false,"_genesis_hide_breadcrumbs":false,"_genesis_hide_singular_image":false,"_genesis_hide_footer_widgets":false,"_genesis_custom_body_class":"","_genesis_custom_post_class":"","_genesis_layout":"","_EventAllDay":false,"_EventTimezone":"","_EventStartDate":"","_EventEndDate":"","_EventStartDateUTC":"","_EventEndDateUTC":"","_EventShowMap":false,"_EventShowMapLink":false,"_EventURL":"","_EventCost":"","_EventCostDescription":"","_EventCurrencySymbol":"","_EventCurrencyCode":"","_EventCurrencyPosition":"","_EventDateTimeSeparator":"","_EventTimeRangeSeparator":"","_EventOrganizerID":[],"_EventVenueID":[],"_OrganizerEmail":"","_OrganizerPhone":"","_OrganizerWebsite":"","_VenueAddress":"","_VenueCity":"","_VenueCountry":"","_VenueProvince":"","_VenueState":"","_VenueZip":"","_VenuePhone":"","_VenueURL":"","_VenueStateProvince":"","_VenueLat":"","_VenueLng":"","_VenueShowMap":false,"_VenueShowMapLink":false,"_tribe_blocks_recurrence_rules":"","_tribe_blocks_recurrence_description":"","_tribe_blocks_recurrence_exclusions":"","footnotes":""},"class_list":["post-4397","page","type-page","status-publish","entry"],"acf":[],"featured_image_src":null,"featured_image_src_square":null,"_links":{"self":[{"href":"https:\/\/www.safeshores.org\/es\/wp-json\/wp\/v2\/pages\/4397","targetHints":{"allow":["GET"]}}],"collection":[{"href":"https:\/\/www.safeshores.org\/es\/wp-json\/wp\/v2\/pages"}],"about":[{"href":"https:\/\/www.safeshores.org\/es\/wp-json\/wp\/v2\/types\/page"}],"author":[{"embeddable":true,"href":"https:\/\/www.safeshores.org\/es\/wp-json\/wp\/v2\/users\/1"}],"replies":[{"embeddable":true,"href":"https:\/\/www.safeshores.org\/es\/wp-json\/wp\/v2\/comments?post=4397"}],"version-history":[{"count":0,"href":"https:\/\/www.safeshores.org\/es\/wp-json\/wp\/v2\/pages\/4397\/revisions"}],"up":[{"embeddable":true,"href":"https:\/\/www.safeshores.org\/es\/wp-json\/wp\/v2\/pages\/4393"}],"wp:attachment":[{"href":"https:\/\/www.safeshores.org\/es\/wp-json\/wp\/v2\/media?parent=4397"}],"curies":[{"name":"wp","href":"https:\/\/api.w.org\/{rel}","templated":true}]}}