{"id":4396,"date":"2021-09-26T20:29:10","date_gmt":"2021-09-26T20:29:10","guid":{"rendered":"https:\/\/safe-shores-2021.local\/obtener-soporte\/como-trabajamos\/"},"modified":"2021-09-29T21:50:28","modified_gmt":"2021-09-29T21:50:28","slug":"como-trabajamos","status":"publish","type":"page","link":"https:\/\/www.safeshores.org\/es\/obtener-soporte\/como-trabajamos\/","title":{"rendered":"C\u00f3mo trabajamos"},"content":{"rendered":"\n<p>Antes de que existiera Safe Shores en el Distrito de Columbia, los ni\u00f1os y las familias ten\u00edan que desplazarse a diversos lugares para acceder a los servicios necesarios tras una denuncia de maltrato, un proceso costoso y emocional. Las familias ten\u00edan que navegar por un complejo sistema de agencias y los ni\u00f1os a menudo ten\u00edan que contar su historia en m\u00faltiples lugares a m\u00faltiples personas.<\/p>\n\n<p>Como parte del modelo de centro de defensor\u00eda de los ni\u00f1os, Safe Shores y nuestras agencias asociadas est\u00e1n alojados en un solo edificio, lo que facilita el acceso a los servicios para los ni\u00f1os y las familias, adem\u00e1s de garantizar que un ni\u00f1o no tenga que relatar su historia varias veces. Nuestro personal altamente especializado trabaja conjuntamente para agilizar el proceso en un solo lugar, colaborando con los otros miembros de nuestra alianza para garantizar que la protecci\u00f3n, la comodidad y las necesidades del ni\u00f1o y la familia sean siempre la prioridad.<\/p>\n\n<h2 class=\"wp-block-heading\">Nuestros aliados<\/h2>\n\n<p>Safe Shores responde al abuso infantil como parte de un equipo multidisciplinario (MDT) de expertos. Juntos, investigamos los presuntos abusos, realizamos entrevistas forenses, brindamos defensor\u00eda al cliente, reducimos el trauma e identificamos los recursos para que los ni\u00f1os y las familias puedan comenzar el proceso de sanaci\u00f3n. Nuestro equipo MDT tiene su sede en nuestro centro para ofrecer sus servicios en una ubicaci\u00f3n centralizada. Safe Shores trabaja con los siguientes socios como parte de nuestro equipo MDT:<\/p>\n\n<ul class=\"wp-block-list\"><li>Oficina del Fiscal General del Distrito de Columbia (OAG)<\/li><li>Oficina del Fiscal de los Estados Unidos para el Distrito de Columbia (USAO)<\/li><li>Agencia de Servicios para Ni\u00f1os y Familias (CFSA)<\/li><li>Sistemas Nacionales de Salud Infantil<\/li><li>Departamento de Polic\u00eda Metropolitana (MPD)<\/li><\/ul>\n\n<p><strong><a href=\"https:\/\/www.safeshores.org\/obtener-soporte\/nuestros-servicios\/?lang=es\" data-type=\"page\" data-id=\"24\">Obtenga m\u00e1s informaci\u00f3n sobre los servicios que ofrece Safe Shores para responder a las denuncias de abusos<\/a><\/strong><\/p>\n","protected":false},"excerpt":{"rendered":"<p>Antes de que existiera Safe Shores en el Distrito de Columbia, los ni\u00f1os y las familias ten\u00edan que desplazarse a diversos lugares para acceder a los servicios necesarios tras una&#8230;<\/p>\n","protected":false},"author":1,"featured_media":0,"parent":4393,"menu_order":10,"comment_status":"closed","ping_status":"closed","template":"","meta":{"_acf_changed":false,"_tec_requires_first_save":true,"_monsterinsights_skip_tracking":false,"_monsterinsights_sitenote_active":false,"_monsterinsights_sitenote_note":"","_monsterinsights_sitenote_category":0,"_genesis_hide_title":false,"_genesis_hide_breadcrumbs":false,"_genesis_hide_singular_image":false,"_genesis_hide_footer_widgets":false,"_genesis_custom_body_class":"","_genesis_custom_post_class":"","_genesis_layout":"","_EventAllDay":false,"_EventTimezone":"","_EventStartDate":"","_EventEndDate":"","_EventStartDateUTC":"","_EventEndDateUTC":"","_EventShowMap":false,"_EventShowMapLink":false,"_EventURL":"","_EventCost":"","_EventCostDescription":"","_EventCurrencySymbol":"","_EventCurrencyCode":"","_EventCurrencyPosition":"","_EventDateTimeSeparator":"","_EventTimeRangeSeparator":"","_EventOrganizerID":[],"_EventVenueID":[],"_OrganizerEmail":"","_OrganizerPhone":"","_OrganizerWebsite":"","_VenueAddress":"","_VenueCity":"","_VenueCountry":"","_VenueProvince":"","_VenueState":"","_VenueZip":"","_VenuePhone":"","_VenueURL":"","_VenueStateProvince":"","_VenueLat":"","_VenueLng":"","_VenueShowMap":false,"_VenueShowMapLink":false,"_tribe_blocks_recurrence_rules":"","_tribe_blocks_recurrence_description":"","_tribe_blocks_recurrence_exclusions":"","footnotes":""},"class_list":["post-4396","page","type-page","status-publish","entry"],"acf":[],"featured_image_src":null,"featured_image_src_square":null,"_links":{"self":[{"href":"https:\/\/www.safeshores.org\/es\/wp-json\/wp\/v2\/pages\/4396","targetHints":{"allow":["GET"]}}],"collection":[{"href":"https:\/\/www.safeshores.org\/es\/wp-json\/wp\/v2\/pages"}],"about":[{"href":"https:\/\/www.safeshores.org\/es\/wp-json\/wp\/v2\/types\/page"}],"author":[{"embeddable":true,"href":"https:\/\/www.safeshores.org\/es\/wp-json\/wp\/v2\/users\/1"}],"replies":[{"embeddable":true,"href":"https:\/\/www.safeshores.org\/es\/wp-json\/wp\/v2\/comments?post=4396"}],"version-history":[{"count":0,"href":"https:\/\/www.safeshores.org\/es\/wp-json\/wp\/v2\/pages\/4396\/revisions"}],"up":[{"embeddable":true,"href":"https:\/\/www.safeshores.org\/es\/wp-json\/wp\/v2\/pages\/4393"}],"wp:attachment":[{"href":"https:\/\/www.safeshores.org\/es\/wp-json\/wp\/v2\/media?parent=4396"}],"curies":[{"name":"wp","href":"https:\/\/api.w.org\/{rel}","templated":true}]}}