{"id":4380,"date":"2021-09-26T19:20:09","date_gmt":"2021-09-26T19:20:09","guid":{"rendered":"https:\/\/safe-shores-2021.local\/acerca-de-safe-shores\/equipo-multidisciplinario\/"},"modified":"2021-09-29T21:19:15","modified_gmt":"2021-09-29T21:19:15","slug":"equipo-multidisciplinario","status":"publish","type":"page","link":"https:\/\/www.safeshores.org\/es\/acerca-de-safe-shores\/equipo-multidisciplinario\/","title":{"rendered":"Equipo multidisciplinario"},"content":{"rendered":"\n<p class=\"Body intro-text\"><span id=\"u2762-4\">Safe Shores\u2014Centro de Defensor\u00eda Infantil del Distrito de Columbia <\/span> es una asociaci\u00f3n p\u00fablico-privada sin fines de lucro que trabaja en conjunto con un equipo multidisciplinario (MDT) de agencias del orden p\u00fablico, servicios jur\u00eddicos, servicios sociales y m\u00e9dicas. El MDT est\u00e1 compuesto por:<\/p>\n\n<p class=\"Bulleted-List In-text-links\">\u2022 <a class=\"nonblock\" title=\"Child and Family Services Agency\" href=\"http:\/\/cfsa.dc.gov\/\" target=\"_blank\" rel=\"noopener\">Agencia de Servicios para Ni\u00f1os y Familias<\/a>(Servicios de Protecci\u00f3n Infantil);<\/p>\n\n<p class=\"Bulleted-List In-text-links\">\u2022 <a class=\"nonblock\" title=\"Children's National Medical Center\" href=\"http:\/\/www.childrensnational.org\" target=\"_blank\" rel=\"noopener\">Centro M\u00e9dico Nacional Infantil<\/a>(Centro de Protecci\u00f3n de Ni\u00f1os y Adolescentes Freddie Mac);<\/p>\n\n<p class=\"Bulleted-List In-text-links\">\u2022 <a class=\"nonblock\" title=\"Metropolitan Police Department\" href=\"http:\/\/mpdc.dc.gov\/\" target=\"_blank\" rel=\"noopener\">Departamento de Polic\u00eda Metropolitana<\/a> (Rama de Investigaciones Juveniles y Unidad de V\u00edctimas Especiales);<\/p>\n\n<p class=\"Bulleted-List In-text-links\">\u2022 <a class=\"nonblock\" title=\"Office of the Attorney General\" href=\"http:\/\/oag.dc.gov\/\" target=\"_blank\" rel=\"noopener\">Oficina del Fiscal General<\/a>(Secci\u00f3n de Protecci\u00f3n Infantil, Secci\u00f3n de Menores y Servicios Comunitarios para V\u00edctimas);<\/p>\n\n<p class=\"Bulleted-List In-text-links\">\u2022 <a class=\"nonblock\" title=\"US Attorney's Office for the District of Columbia\" href=\"http:\/\/www.justice.gov\/usao\/dc\/\" target=\"_blank\" rel=\"noopener\">Oficina del Fiscal de los Estados Unidos para el Distrito de Columbia<\/a>(Unidad de Delitos Sexuales y Violencia Dom\u00e9stica y la Unidad de Asistencia a V\u00edctimas\/Testigos); y,<\/p>\n\n<p class=\"Bulleted-List In-text-links\">\u2022 <a class=\"nonblock\" title=\"Safe Shores-The DC Children's Advocacy Center\" href=\"http:\/\/www.safeshores.org\" target=\"_blank\" rel=\"noopener\">Safe Shores &#8211; Centro de Defensor\u00eda Infantil de DC<\/a>.<\/p>\n\n<p class=\"Body\">Safe Shores act\u00faa como coordinador en un esfuerzo por garantizar que todas las agencias del equipo trabajen individualmente y en colaboraci\u00f3n para proporcionar los servicios m\u00e1s completos y adecuados para ni\u00f1os y adolescentes v\u00edctimas de abuso y abandono en el Distrito de Columbia.<\/p>\n","protected":false},"excerpt":{"rendered":"<p>Safe Shores\u2014Centro de Defensor\u00eda Infantil del Distrito de Columbia es una asociaci\u00f3n p\u00fablico-privada sin fines de lucro que trabaja en conjunto con un equipo multidisciplinario (MDT) de agencias del orden&#8230;<\/p>\n","protected":false},"author":1,"featured_media":0,"parent":4370,"menu_order":15,"comment_status":"closed","ping_status":"closed","template":"","meta":{"_acf_changed":false,"_tec_requires_first_save":true,"_monsterinsights_skip_tracking":false,"_monsterinsights_sitenote_active":false,"_monsterinsights_sitenote_note":"","_monsterinsights_sitenote_category":0,"_genesis_hide_title":false,"_genesis_hide_breadcrumbs":false,"_genesis_hide_singular_image":false,"_genesis_hide_footer_widgets":false,"_genesis_custom_body_class":"","_genesis_custom_post_class":"","_genesis_layout":"","_EventAllDay":false,"_EventTimezone":"","_EventStartDate":"","_EventEndDate":"","_EventStartDateUTC":"","_EventEndDateUTC":"","_EventShowMap":false,"_EventShowMapLink":false,"_EventURL":"","_EventCost":"","_EventCostDescription":"","_EventCurrencySymbol":"","_EventCurrencyCode":"","_EventCurrencyPosition":"","_EventDateTimeSeparator":"","_EventTimeRangeSeparator":"","_EventOrganizerID":[],"_EventVenueID":[],"_OrganizerEmail":"","_OrganizerPhone":"","_OrganizerWebsite":"","_VenueAddress":"","_VenueCity":"","_VenueCountry":"","_VenueProvince":"","_VenueState":"","_VenueZip":"","_VenuePhone":"","_VenueURL":"","_VenueStateProvince":"","_VenueLat":"","_VenueLng":"","_VenueShowMap":false,"_VenueShowMapLink":false,"_tribe_blocks_recurrence_rules":"","_tribe_blocks_recurrence_description":"","_tribe_blocks_recurrence_exclusions":"","footnotes":""},"class_list":["post-4380","page","type-page","status-publish","entry"],"acf":[],"featured_image_src":null,"featured_image_src_square":null,"_links":{"self":[{"href":"https:\/\/www.safeshores.org\/es\/wp-json\/wp\/v2\/pages\/4380","targetHints":{"allow":["GET"]}}],"collection":[{"href":"https:\/\/www.safeshores.org\/es\/wp-json\/wp\/v2\/pages"}],"about":[{"href":"https:\/\/www.safeshores.org\/es\/wp-json\/wp\/v2\/types\/page"}],"author":[{"embeddable":true,"href":"https:\/\/www.safeshores.org\/es\/wp-json\/wp\/v2\/users\/1"}],"replies":[{"embeddable":true,"href":"https:\/\/www.safeshores.org\/es\/wp-json\/wp\/v2\/comments?post=4380"}],"version-history":[{"count":0,"href":"https:\/\/www.safeshores.org\/es\/wp-json\/wp\/v2\/pages\/4380\/revisions"}],"up":[{"embeddable":true,"href":"https:\/\/www.safeshores.org\/es\/wp-json\/wp\/v2\/pages\/4370"}],"wp:attachment":[{"href":"https:\/\/www.safeshores.org\/es\/wp-json\/wp\/v2\/media?parent=4380"}],"curies":[{"name":"wp","href":"https:\/\/api.w.org\/{rel}","templated":true}]}}