{"id":4370,"date":"2021-09-16T14:40:57","date_gmt":"2021-09-16T14:40:57","guid":{"rendered":"https:\/\/safe-shores-2021.local\/acerca-de-safe-shores\/"},"modified":"2021-09-29T21:12:24","modified_gmt":"2021-09-29T21:12:24","slug":"acerca-de-safe-shores","status":"publish","type":"page","link":"https:\/\/www.safeshores.org\/es\/acerca-de-safe-shores\/","title":{"rendered":"Acerca de Safe Shores"},"content":{"rendered":"\n<p class=\"intro-text\">Safe Shores &#8211; Centro de Defensor\u00eda Infantil del Distrito de Columbia es una organizaci\u00f3n de servicio directo sin fines de lucro dedicada a apoyar y trabajar directamente con ni\u00f1os v\u00edctimas de abusos sexuales y f\u00edsicos en el Distrito de Columbia.<\/p>\n\n<figure class=\"wp-block-image\"><img decoding=\"async\" src=\"https:\/\/www.safeshores.org\/wp-content\/uploads\/2017\/01\/little-chairs-scaled.jpg\" alt=\"A photo of child size table and chairs at Safe Shores\" class=\"wp-image-3956\"\/><\/figure>\n\n<p>Por medio de sus instalaciones adaptadas a los ni\u00f1os y su enfoque de equipo multidisciplinario, Safe Shores coordina el trabajo de los proveedores de servicios m\u00e9dicos y de salud mental, profesionales de servicios sociales, defensores de las v\u00edctimas, fuerzas del orden p\u00fablico y funcionarios de la fiscal\u00eda para reducir el trauma y promover la sanaci\u00f3n de los ni\u00f1os v\u00edctimas de abusos.<\/p>\n\n<h3 class=\"wp-block-heading\">Nuestra misi\u00f3n<\/h3>\n\n<p>Safe Shores proporciona intervenci\u00f3n, esperanza y sanaci\u00f3n a los ni\u00f1os y familias afectados por el abuso, el trauma y la violencia en el Distrito de Columbia, y previene el abuso infantil mediante la educaci\u00f3n y la capacitaci\u00f3n.<\/p>\n\n<h3 class=\"wp-block-heading\">Nuestros objetivos<\/h3>\n\n<ul class=\"wp-block-list\"><li>Minimizar el trauma experimentado por los ni\u00f1os y adolescentes que han sido identificados como v\u00edctimas de abusos sexuales o f\u00edsicos<\/li><li>Mejorar la investigaci\u00f3n y el enjuiciamiento de los casos de abusos sexuales y f\u00edsicos desde el punto de intervenci\u00f3n hasta el tratamiento y la sanaci\u00f3n<\/li><li>Promover la colaboraci\u00f3n interinstitucional para la toma de decisiones y la gesti\u00f3n eficaz de los casos de abuso sexual y f\u00edsico<\/li><li>Prevenir nuevos y\/o futuros abusos a las v\u00edctimas infantiles<\/li><li>Proporcionar capacitaci\u00f3n a los profesionales en el \u00e1mbito de la investigaci\u00f3n, la judicializaci\u00f3n y la prestaci\u00f3n de servicios para ni\u00f1os y adolescentes v\u00edctimas de abusos sexuales y f\u00edsicos, y sus cuidadores no infractores.<\/li><\/ul>\n\n<h3 class=\"wp-block-heading\">v. Informes anuales y plan estrat\u00e9gico<\/h3>\n\n<p><a href=\"http:\/\/www.safeshores.org\/wp-content\/uploads\/2019\/06\/SS_FY16-FY17-AnnualReport-Digital-lowres.pdf\">FY2016 &amp; FY2017 Annual Report<\/a><\/p>\n\n<p><a href=\"http:\/\/www.safeshores.org\/wp-content\/uploads\/2017\/01\/Strategic-Plan-Executive-Summary.pdf\">FY2015-FY2017 Strategic Plan<\/a><\/p>\n\n<p><a href=\"http:\/\/www.safeshores.org\/wp-content\/uploads\/2017\/01\/FY2015-Annual-Report.pdf\">FY2015 Annual Report<\/a><\/p>\n\n<p><a href=\"http:\/\/www.safeshores.org\/wp-content\/uploads\/2017\/01\/Annual-Report-13-14.pdf\">FY2013 &amp; FY2014 Annual Report<\/a><\/p>\n\n<h3 class=\"wp-block-heading\">Formulario 990<\/h3>\n\n<p><a href=\"https:\/\/www.safeshores.org\/wp-content\/uploads\/2020\/09\/PDCs-990-FY2019.pdf\">990-FY2019<\/a><\/p>\n\n<p><a href=\"https:\/\/www.safeshores.org\/wp-content\/uploads\/2021\/03\/990-FY2018.pdf\">990-FY2018<\/a><\/p>\n\n<p><a href=\"http:\/\/www.safeshores.org\/wp-content\/uploads\/2019\/06\/SS-990-FY2017.pdf\">990-FY2017<\/a><\/p>\n\n<p><a href=\"http:\/\/www.safeshores.org\/wp-content\/uploads\/2016\/11\/990-2016.pdf\">990-FY2016<\/a><\/p>\n\n<p><a href=\"http:\/\/www.safeshores.org\/wp-content\/uploads\/2017\/01\/990-2015.pdf\">990-FY2015<\/a><\/p>\n\n<p><a href=\"http:\/\/www.safeshores.org\/wp-content\/uploads\/2017\/01\/Form-990-FY2014.pdf\">990-FY2014<\/a><\/p>\n","protected":false},"excerpt":{"rendered":"<p>Safe Shores &#8211; Centro de Defensor\u00eda Infantil del Distrito de Columbia es una organizaci\u00f3n de servicio directo sin fines de lucro dedicada a apoyar y trabajar directamente con ni\u00f1os v\u00edctimas&#8230;<\/p>\n","protected":false},"author":1,"featured_media":0,"parent":0,"menu_order":0,"comment_status":"closed","ping_status":"closed","template":"page_landing.php","meta":{"_acf_changed":false,"_tec_requires_first_save":true,"_monsterinsights_skip_tracking":false,"_monsterinsights_sitenote_active":false,"_monsterinsights_sitenote_note":"","_monsterinsights_sitenote_category":0,"_genesis_hide_title":false,"_genesis_hide_breadcrumbs":false,"_genesis_hide_singular_image":false,"_genesis_hide_footer_widgets":false,"_genesis_custom_body_class":"","_genesis_custom_post_class":"","_genesis_layout":"","_EventAllDay":false,"_EventTimezone":"","_EventStartDate":"","_EventEndDate":"","_EventStartDateUTC":"","_EventEndDateUTC":"","_EventShowMap":false,"_EventShowMapLink":false,"_EventURL":"","_EventCost":"","_EventCostDescription":"","_EventCurrencySymbol":"","_EventCurrencyCode":"","_EventCurrencyPosition":"","_EventDateTimeSeparator":"","_EventTimeRangeSeparator":"","_EventOrganizerID":[],"_EventVenueID":[],"_OrganizerEmail":"","_OrganizerPhone":"","_OrganizerWebsite":"","_VenueAddress":"","_VenueCity":"","_VenueCountry":"","_VenueProvince":"","_VenueState":"","_VenueZip":"","_VenuePhone":"","_VenueURL":"","_VenueStateProvince":"","_VenueLat":"","_VenueLng":"","_VenueShowMap":false,"_VenueShowMapLink":false,"_tribe_blocks_recurrence_rules":"","_tribe_blocks_recurrence_description":"","_tribe_blocks_recurrence_exclusions":"","footnotes":""},"class_list":["post-4370","page","type-page","status-publish","entry","has-post-thumbnail"],"acf":[],"featured_image_src":null,"featured_image_src_square":null,"_links":{"self":[{"href":"https:\/\/www.safeshores.org\/es\/wp-json\/wp\/v2\/pages\/4370","targetHints":{"allow":["GET"]}}],"collection":[{"href":"https:\/\/www.safeshores.org\/es\/wp-json\/wp\/v2\/pages"}],"about":[{"href":"https:\/\/www.safeshores.org\/es\/wp-json\/wp\/v2\/types\/page"}],"author":[{"embeddable":true,"href":"https:\/\/www.safeshores.org\/es\/wp-json\/wp\/v2\/users\/1"}],"replies":[{"embeddable":true,"href":"https:\/\/www.safeshores.org\/es\/wp-json\/wp\/v2\/comments?post=4370"}],"version-history":[{"count":0,"href":"https:\/\/www.safeshores.org\/es\/wp-json\/wp\/v2\/pages\/4370\/revisions"}],"wp:attachment":[{"href":"https:\/\/www.safeshores.org\/es\/wp-json\/wp\/v2\/media?parent=4370"}],"curies":[{"name":"wp","href":"https:\/\/api.w.org\/{rel}","templated":true}]}}